{"id":7283,"date":"2025-04-12T01:59:56","date_gmt":"2025-04-12T01:59:56","guid":{"rendered":"https:\/\/elmaspatent.com\/odeme-kanallari\/"},"modified":"2025-09-15T13:58:00","modified_gmt":"2025-09-15T13:58:00","slug":"payment-channels","status":"publish","type":"page","link":"https:\/\/elmaspatent.com\/en\/payment-channels\/","title":{"rendered":"Payment Channels"},"content":{"rendered":"<section class=\"l-section wpb_row height_medium\"><div class=\"l-section-h i-cf\"><div class=\"g-cols vc_row via_grid cols_2 laptops-cols_inherit tablets-cols_inherit mobiles-cols_1 valign_top type_default stacking_default\" style=\"--columns-gap:1rem;\"><div class=\"wpb_column vc_column_container\"><div class=\"vc_column-inner\"><div class=\"w-vwrapper us_custom_291c6162 align_none valign_top\"><div class=\"w-image align_none\"><div class=\"w-image-h\"><img decoding=\"async\" width=\"960\" height=\"272\" src=\"https:\/\/elmaspatent.com\/wp-content\/uploads\/2025\/09\/Adsiz-tasarim-17.jpg\" class=\"attachment-large size-large\" alt=\"\" loading=\"lazy\" srcset=\"https:\/\/elmaspatent.com\/wp-content\/uploads\/2025\/09\/Adsiz-tasarim-17.jpg 960w, https:\/\/elmaspatent.com\/wp-content\/uploads\/2025\/09\/Adsiz-tasarim-17-300x85.jpg 300w\" sizes=\"auto, (max-width: 960px) 100vw, 960px\" \/><\/div><\/div><h2 class=\"w-text us_custom_9a061a4a has_text_color\"><span class=\"w-text-h\"><span class=\"w-text-value\">Ziraat Bank \u2013 Ba\u011flarba\u015f\u0131 Branch<\/span><\/span><\/h2><div class=\"wpb_text_column\"><div class=\"wpb_wrapper\"><h5><\/h5>\n<h5><span style=\"color: #c41848;\">Swift Code:<\/span> TCZBTR2A<\/h5>\n<h5><span style=\"color: #c41848;\">$<\/span> TR27 0001 0008 2484 2513 0650 02<\/h5>\n<h5><span style=\"color: #c41848;\">\u20ac<\/span> TR97 0001 0008 2484 2513 0650 03<\/h5>\n<\/div><\/div><\/div><\/div><\/div><div class=\"wpb_column vc_column_container\"><div class=\"vc_column-inner\"><div class=\"w-vwrapper us_custom_291c6162 align_none valign_top\"><div class=\"w-image align_none\"><div class=\"w-image-h\"><img decoding=\"async\" width=\"960\" height=\"274\" src=\"https:\/\/elmaspatent.com\/wp-content\/uploads\/2025\/09\/Adsiz-tasarim-18.jpg\" class=\"attachment-large size-large\" alt=\"\" loading=\"lazy\" srcset=\"https:\/\/elmaspatent.com\/wp-content\/uploads\/2025\/09\/Adsiz-tasarim-18.jpg 960w, https:\/\/elmaspatent.com\/wp-content\/uploads\/2025\/09\/Adsiz-tasarim-18-300x86.jpg 300w\" sizes=\"auto, (max-width: 960px) 100vw, 960px\" \/><\/div><\/div><h2 class=\"w-text us_custom_9a061a4a has_text_color\"><span class=\"w-text-h\"><span class=\"w-text-value\">Kuveyt Turk Bank \u2013 Altunizade Branch<\/span><\/span><\/h2><div class=\"wpb_text_column\"><div class=\"wpb_wrapper\"><h5><\/h5>\n<h5><span style=\"color: #c41848;\">Swift Code:<\/span> KTEFTRIS<\/h5>\n<h5><span style=\"color: #c41848;\">$<\/span> TR64 0020 5000 0948 6913 9001 03<\/h5>\n<h5><span style=\"color: #c41848;\">\u20ac<\/span> TR91 0020 5000 0948 6913 9001 02<\/h5>\n<\/div><\/div><\/div><\/div><\/div><\/div><\/div><\/section>\n","protected":false},"excerpt":{"rendered":"Ziraat Bank \u2013 Ba\u011flarba\u015f\u0131 Branch Swift Code: TCZBTR2A $ TR27 0001 0008 2484 2513 0650 02 \u20ac TR97 0001 0008 2484 2513 0650 03 Kuveyt Turk Bank \u2013 Altunizade Branch Swift Code: KTEFTRIS $ TR64 0020 5000 0948 6913 9001 03 \u20ac TR91 0020 5000 0948 6913 9001 02","protected":false},"author":1,"featured_media":0,"parent":0,"menu_order":0,"comment_status":"closed","ping_status":"closed","template":"","meta":{"_acf_changed":false,"footnotes":""},"class_list":["post-7283","page","type-page","status-publish","hentry"],"acf":[],"yoast_head":"<!-- This site is optimized with the Yoast SEO plugin v27.0 - https:\/\/yoast.com\/product\/yoast-seo-wordpress\/ -->\n<title>Payment Channels - Elmas Patent<\/title>\n<meta name=\"robots\" content=\"index, follow, max-snippet:-1, max-image-preview:large, max-video-preview:-1\" \/>\n<link rel=\"canonical\" href=\"https:\/\/elmaspatent.com\/en\/payment-channels\/\" \/>\n<meta property=\"og:locale\" content=\"en_US\" \/>\n<meta property=\"og:type\" content=\"article\" \/>\n<meta property=\"og:title\" content=\"Payment Channels - Elmas Patent\" \/>\n<meta property=\"og:url\" content=\"https:\/\/elmaspatent.com\/en\/payment-channels\/\" \/>\n<meta property=\"og:site_name\" content=\"Elmas Patent\" \/>\n<meta property=\"article:modified_time\" content=\"2025-09-15T13:58:00+00:00\" \/>\n<meta name=\"twitter:card\" content=\"summary_large_image\" \/>\n<meta name=\"twitter:label1\" content=\"Est. reading time\" \/>\n\t<meta name=\"twitter:data1\" content=\"1 minute\" \/>\n<script type=\"application\/ld+json\" class=\"yoast-schema-graph\">{\"@context\":\"https:\/\/schema.org\",\"@graph\":[{\"@type\":\"WebPage\",\"@id\":\"https:\/\/elmaspatent.com\/en\/payment-channels\/\",\"url\":\"https:\/\/elmaspatent.com\/en\/payment-channels\/\",\"name\":\"Payment Channels - Elmas Patent\",\"isPartOf\":{\"@id\":\"https:\/\/elmaspatent.com\/en\/#website\"},\"datePublished\":\"2025-04-12T01:59:56+00:00\",\"dateModified\":\"2025-09-15T13:58:00+00:00\",\"breadcrumb\":{\"@id\":\"https:\/\/elmaspatent.com\/en\/payment-channels\/#breadcrumb\"},\"inLanguage\":\"en-US\",\"potentialAction\":[{\"@type\":\"ReadAction\",\"target\":[\"https:\/\/elmaspatent.com\/en\/payment-channels\/\"]}]},{\"@type\":\"BreadcrumbList\",\"@id\":\"https:\/\/elmaspatent.com\/en\/payment-channels\/#breadcrumb\",\"itemListElement\":[{\"@type\":\"ListItem\",\"position\":1,\"name\":\"Anasayfa\",\"item\":\"https:\/\/elmaspatent.com\/en\/\"},{\"@type\":\"ListItem\",\"position\":2,\"name\":\"Payment Channels\"}]},{\"@type\":\"WebSite\",\"@id\":\"https:\/\/elmaspatent.com\/en\/#website\",\"url\":\"https:\/\/elmaspatent.com\/en\/\",\"name\":\"Elmas Patent\",\"description\":\"\",\"potentialAction\":[{\"@type\":\"SearchAction\",\"target\":{\"@type\":\"EntryPoint\",\"urlTemplate\":\"https:\/\/elmaspatent.com\/en\/?s={search_term_string}\"},\"query-input\":{\"@type\":\"PropertyValueSpecification\",\"valueRequired\":true,\"valueName\":\"search_term_string\"}}],\"inLanguage\":\"en-US\"}]}<\/script>\n<!-- \/ Yoast SEO plugin. -->","yoast_head_json":{"title":"Payment Channels - Elmas Patent","robots":{"index":"index","follow":"follow","max-snippet":"max-snippet:-1","max-image-preview":"max-image-preview:large","max-video-preview":"max-video-preview:-1"},"canonical":"https:\/\/elmaspatent.com\/en\/payment-channels\/","og_locale":"en_US","og_type":"article","og_title":"Payment Channels - Elmas Patent","og_url":"https:\/\/elmaspatent.com\/en\/payment-channels\/","og_site_name":"Elmas Patent","article_modified_time":"2025-09-15T13:58:00+00:00","twitter_card":"summary_large_image","twitter_misc":{"Est. reading time":"1 minute"},"schema":{"@context":"https:\/\/schema.org","@graph":[{"@type":"WebPage","@id":"https:\/\/elmaspatent.com\/en\/payment-channels\/","url":"https:\/\/elmaspatent.com\/en\/payment-channels\/","name":"Payment Channels - Elmas Patent","isPartOf":{"@id":"https:\/\/elmaspatent.com\/en\/#website"},"datePublished":"2025-04-12T01:59:56+00:00","dateModified":"2025-09-15T13:58:00+00:00","breadcrumb":{"@id":"https:\/\/elmaspatent.com\/en\/payment-channels\/#breadcrumb"},"inLanguage":"en-US","potentialAction":[{"@type":"ReadAction","target":["https:\/\/elmaspatent.com\/en\/payment-channels\/"]}]},{"@type":"BreadcrumbList","@id":"https:\/\/elmaspatent.com\/en\/payment-channels\/#breadcrumb","itemListElement":[{"@type":"ListItem","position":1,"name":"Anasayfa","item":"https:\/\/elmaspatent.com\/en\/"},{"@type":"ListItem","position":2,"name":"Payment Channels"}]},{"@type":"WebSite","@id":"https:\/\/elmaspatent.com\/en\/#website","url":"https:\/\/elmaspatent.com\/en\/","name":"Elmas Patent","description":"","potentialAction":[{"@type":"SearchAction","target":{"@type":"EntryPoint","urlTemplate":"https:\/\/elmaspatent.com\/en\/?s={search_term_string}"},"query-input":{"@type":"PropertyValueSpecification","valueRequired":true,"valueName":"search_term_string"}}],"inLanguage":"en-US"}]}},"_links":{"self":[{"href":"https:\/\/elmaspatent.com\/en\/wp-json\/wp\/v2\/pages\/7283","targetHints":{"allow":["GET"]}}],"collection":[{"href":"https:\/\/elmaspatent.com\/en\/wp-json\/wp\/v2\/pages"}],"about":[{"href":"https:\/\/elmaspatent.com\/en\/wp-json\/wp\/v2\/types\/page"}],"author":[{"embeddable":true,"href":"https:\/\/elmaspatent.com\/en\/wp-json\/wp\/v2\/users\/1"}],"replies":[{"embeddable":true,"href":"https:\/\/elmaspatent.com\/en\/wp-json\/wp\/v2\/comments?post=7283"}],"version-history":[{"count":13,"href":"https:\/\/elmaspatent.com\/en\/wp-json\/wp\/v2\/pages\/7283\/revisions"}],"predecessor-version":[{"id":8021,"href":"https:\/\/elmaspatent.com\/en\/wp-json\/wp\/v2\/pages\/7283\/revisions\/8021"}],"wp:attachment":[{"href":"https:\/\/elmaspatent.com\/en\/wp-json\/wp\/v2\/media?parent=7283"}],"curies":[{"name":"wp","href":"https:\/\/api.w.org\/{rel}","templated":true}]}}