{"id":7244,"date":"2025-04-12T01:58:45","date_gmt":"2025-04-12T01:58:45","guid":{"rendered":"https:\/\/elmaspatent.com\/iletisim\/"},"modified":"2025-09-16T09:26:12","modified_gmt":"2025-09-16T09:26:12","slug":"contact","status":"publish","type":"page","link":"https:\/\/elmaspatent.com\/en\/contact\/","title":{"rendered":"Contact"},"content":{"rendered":"<section class=\"l-section wpb_row height_medium\"><div class=\"l-section-h i-cf\"><div class=\"g-cols vc_row via_grid cols_2 laptops-cols_inherit tablets-cols_inherit mobiles-cols_1 valign_top type_default stacking_default\" style=\"--columns-gap:2rem;\"><div class=\"wpb_column vc_column_container\"><div class=\"vc_column-inner\"><h3 class=\"w-text us_custom_4e55af8d has_text_color\"><span class=\"w-text-h\"><span class=\"w-text-value\">Contact Information<\/span><\/span><\/h3><div class=\"w-vwrapper align_none valign_top\"><div class=\"w-text icon_atleft\"><span class=\"w-text-h\"><i class=\"fal fa-map-marker-alt\"><\/i><span class=\"w-text-value\">\u0130nk\u0131lap Mah. Yelkenciler Sok. No:14\/4 \u00dcmraniye \u0130STANBUL T\u00dcRK\u0130YE<\/span><\/span><\/div><div class=\"w-text icon_atleft\"><span class=\"w-text-h\"><i class=\"fal fa-phone-alt\"><\/i><span class=\"w-text-value\">+90 554 156 8090<\/span><\/span><\/div><div class=\"w-text icon_atleft\"><span class=\"w-text-h\"><i class=\"fal fa-envelope\"><\/i><span class=\"w-text-value\">info@elmaspatent.com<\/span><\/span><\/div><div class=\"w-separator size_medium\"><\/div><h3 class=\"w-text us_custom_4e55af8d has_text_color\"><span class=\"w-text-h\"><span class=\"w-text-value\">Our Payment Channels<\/span><\/span><\/h3><div class=\"w-text us_custom_a2a58cbd has_text_color\"><span class=\"w-text-h\"><span class=\"w-text-value\">Ziraat Bank \u2013 Ba\u011flarba\u015f\u0131 Branch<\/span><\/span><\/div><div class=\"w-text\"><span class=\"w-text-h\"><span class=\"w-text-value\">$ TR27 0001 0008 2484 2513 0650 02<\/span><\/span><\/div><div class=\"w-text\"><span class=\"w-text-h\"><span class=\"w-text-value\">\u20ac TR97 0001 0008 2484 2513 0650 03<\/span><\/span><\/div><div class=\"w-text\"><span class=\"w-text-h\"><span class=\"w-text-value\">Swift Code: TCZBTR2A<\/span><\/span><\/div><div class=\"w-text us_custom_a2a58cbd has_text_color\"><span class=\"w-text-h\"><span class=\"w-text-value\">Kuveyt Turk Bank\u2013 Altunizade Branch<\/span><\/span><\/div><div class=\"w-text\"><span class=\"w-text-h\"><span class=\"w-text-value\">$ TR64 0020 5000 0948 6913 9001 03<\/span><\/span><\/div><div class=\"w-text\"><span class=\"w-text-h\"><span class=\"w-text-value\">\u20ac TR91 0020 5000 0948 6913 9001 02<\/span><\/span><\/div><div class=\"w-text\"><span class=\"w-text-h\"><span class=\"w-text-value\">Swift Code: KTEFTRIS<\/span><\/span><\/div><div class=\"w-separator size_medium\"><\/div><h3 class=\"w-text us_custom_4e55af8d has_text_color\"><span class=\"w-text-h\"><span class=\"w-text-value\">Our Social Network Accounts<\/span><\/span><\/h3><div class=\"w-socials us_custom_c96a8a09 color_brand shape_circle style_colored hover_fade\" style=\"--gap:0.1em;\"><div class=\"w-socials-list\"><div class=\"w-socials-item facebook\"><a href=\"https:\/\/www.facebook.com\/share\/171WkasaHu\/\" class=\"w-socials-item-link\" aria-label=\"Facebook\"><span class=\"w-socials-item-link-hover\"><\/span><i class=\"fab fa-facebook\"><\/i><\/a><div class=\"w-socials-item-popup\"><span>Facebook<\/span><\/div><\/div><div class=\"w-socials-item twitter\"><a href=\"https:\/\/x.com\/ElmasPatent?t=FtBdZkWwUsiGT2iMBCeIwg&amp;s=09\" class=\"w-socials-item-link\" aria-label=\"X\"><span class=\"w-socials-item-link-hover\"><\/span><i class=\"fab fa-x-twitter\"><svg style=\"width:1em; margin-bottom:-.1em;\" xmlns=\"http:\/\/www.w3.org\/2000\/svg\" viewBox=\"0 0 512 512\" role=\"presentation\"><path fill=\"currentColor\" d=\"M389.2 48h70.6L305.6 224.2 487 464H345L233.7 318.6 106.5 464H35.8L200.7 275.5 26.8 48H172.4L272.9 180.9 389.2 48zM364.4 421.8h39.1L151.1 88h-42L364.4 421.8z\"\/><\/svg><\/i><\/a><div class=\"w-socials-item-popup\"><span>X<\/span><\/div><\/div><div class=\"w-socials-item linkedin\"><a href=\"https:\/\/www.linkedin.com\/company\/elmaspatent\/\" class=\"w-socials-item-link\" aria-label=\"LinkedIn\"><span class=\"w-socials-item-link-hover\"><\/span><i class=\"fab fa-linkedin\"><\/i><\/a><div class=\"w-socials-item-popup\"><span>LinkedIn<\/span><\/div><\/div><div class=\"w-socials-item instagram\"><a href=\"https:\/\/www.instagram.com\/elmaspatent?utm_source=qr&amp;igsh=eGhzdXB2bHA5bjRq\" class=\"w-socials-item-link\" aria-label=\"Instagram\"><span class=\"w-socials-item-link-hover\"><\/span><i class=\"fab fa-instagram\"><\/i><\/a><div class=\"w-socials-item-popup\"><span>Instagram<\/span><\/div><\/div><div class=\"w-socials-item youtube\"><a href=\"https:\/\/youtube.com\/@elmaspatent?si=16GD3_tYOGK9PNyJ\" class=\"w-socials-item-link\" aria-label=\"YouTube\"><span class=\"w-socials-item-link-hover\"><\/span><i class=\"fab fa-youtube\"><\/i><\/a><div class=\"w-socials-item-popup\"><span>YouTube<\/span><\/div><\/div><\/div><\/div><\/div><\/div><\/div><div class=\"wpb_column vc_column_container\"><div class=\"vc_column-inner\"><div class=\"w-vwrapper align_none valign_top\"><h2 class=\"w-text us_custom_4e55af8d has_text_color\"><span class=\"w-text-h\"><span class=\"w-text-value\">Contact Form<\/span><\/span><\/h2><div class=\"wpb_text_column\"><div class=\"wpb_wrapper\"><p>Please enter the requested information for your questions and comments. We will get back to you as soon as possible.<\/p>\n<\/div><\/div><\/div><div class=\"w-separator size_small\"><\/div><form class=\"w-form  us-field-style_1 layout_ver show_message_after_sending for_cform us_form_1\" action=\"https:\/\/elmaspatent.com\/en\/wp-json\/wp\/v2\/pages\/7244\" method=\"post\"><div class=\"w-form-h\"><div class=\"w-form-row for_text\">\r\n\t\t<div class=\"w-form-row-field\">\r\n\t\t\t\t\t\t<input aria-label=\"First Name and Last Name \" type=\"text\" name=\"us_form_1_text_1\" value placeholder=\"First Name and Last Name \"\/>\r\n\t\t\t<\/div>\r\n\t\t<div class=\"w-form-row-state\">Fill out this field<\/div>\r\n<\/div>\r\n<div class=\"w-form-row for_text required cols_2\">\r\n\t\t<div class=\"w-form-row-field\">\r\n\t\t\t\t\t\t<input aria-label=\"Phone\" type=\"text\" name=\"us_form_1_text_2\" value placeholder=\"Phone *\" data-required=\"true\" aria-required=\"true\"\/>\r\n\t\t\t<\/div>\r\n\t\t<div class=\"w-form-row-state\">Fill out this field<\/div>\r\n<\/div>\r\n<div class=\"w-form-row for_email required cols_2\">\r\n\t\t<div class=\"w-form-row-field\">\r\n\t\t\t\t\t\t<input aria-label=\"E-Mail\" type=\"email\" name=\"us_form_1_email_1\" value placeholder=\"E-Mail *\" data-required=\"true\" aria-required=\"true\"\/>\r\n\t\t\t<\/div>\r\n\t\t<div class=\"w-form-row-state\">Please enter a valid email address.<\/div>\r\n<\/div>\r\n<div class=\"w-form-row for_textarea\">\r\n\t\t<div class=\"w-form-row-field\">\r\n\t\t\t\t\t\t<textarea aria-label=\"Your Message\" name=\"us_form_1_textarea_1\" placeholder=\"Your Message\"><\/textarea>\r\n\t\t\t<\/div>\r\n\t\t<div class=\"w-form-row-state\">Fill out this field<\/div>\r\n<\/div>\r\n<input type=\"hidden\" name=\"action\" value=\"us_ajax_cform\" \/>\r\n<input type=\"hidden\" name=\"post_id\" value=\"0\" \/>\r\n<input type=\"hidden\" name=\"form_index\" value=\"1\" \/>\r\n<div class=\"w-form-row for_submit align_left\">\r\n\t<button class=\"w-btn  us-btn-style_1\" aria-label=\"Send\" type=\"submit\">\r\n\t\t<span class=\"g-preloader type_1\"><\/span>\r\n\t\t\t\t<span class=\"w-btn-label\">Send<\/span>\r\n\t\t\t<\/button>\r\n\t<\/div>\r\n<\/div><div class=\"w-form-message\"><\/div><div class=\"w-form-json hidden\" onclick='return {&quot;ajaxurl&quot;:&quot;https:\\\/\\\/elmaspatent.com\\\/wp-admin\\\/admin-ajax.php&quot;,&quot;messages&quot;:{&quot;err_empty&quot;:&quot;Fill out this field&quot;,&quot;err_size&quot;:&quot;File size cannot exceed %s MB&quot;,&quot;err_extension&quot;:&quot;%s file type is not allowed&quot;,&quot;err_recaptcha_keys&quot;:&quot;reCAPTCHA keys are incorrect&quot;}}'><\/div><\/form><\/div><\/div><\/div><\/div><\/section><section class=\"l-section wpb_row height_medium\"><div class=\"l-section-h i-cf\"><div class=\"g-cols vc_row via_grid cols_1 laptops-cols_inherit tablets-cols_inherit mobiles-cols_1 valign_top type_default stacking_default\"><div class=\"wpb_column vc_column_container\"><div class=\"vc_column-inner\"><div class=\"w-html\"><iframe src=\"https:\/\/www.google.com\/maps\/embed?pb=!1m14!1m8!1m3!1d3009.7813192201343!2d29.104181999999998!3d41.03004!3m2!1i1024!2i768!4f13.1!3m3!1m2!1s0x14cab7e2f4100001%3A0x615f73c9ec5198fb!2sElmas%20Patent%20A.%C5%9E.%20Genel%20Merkez!5e0!3m2!1str!2str!4v1744449388982!5m2!1str!2str\" width=\"100%\" height=\"450\" style=\"border:0;\" allowfullscreen=\"\" loading=\"lazy\" referrerpolicy=\"no-referrer-when-downgrade\"><\/iframe><\/div><\/div><\/div><\/div><\/div><\/section>\n","protected":false},"excerpt":{"rendered":"Contact Information\u0130nk\u0131lap Mah. Yelkenciler Sok. No:14\/4 \u00dcmraniye \u0130STANBUL T\u00dcRK\u0130YE+90 554 156 8090info@elmaspatent.comOur Payment ChannelsZiraat Bank \u2013 Ba\u011flarba\u015f\u0131 Branch$ TR27 0001 0008 2484 2513 0650 02\u20ac TR97 0001 0008 2484 2513 0650 03Swift Code: TCZBTR2AKuveyt Turk Bank\u2013 Altunizade Branch$ TR64 0020 5000 0948 6913 9001 03\u20ac TR91 0020 5000 0948 6913 9001 02Swift Code: KTEFTRISOur Social...","protected":false},"author":1,"featured_media":0,"parent":0,"menu_order":0,"comment_status":"closed","ping_status":"closed","template":"","meta":{"_acf_changed":false,"footnotes":""},"class_list":["post-7244","page","type-page","status-publish","hentry"],"acf":[],"yoast_head":"<!-- This site is optimized with the Yoast SEO plugin v27.0 - https:\/\/yoast.com\/product\/yoast-seo-wordpress\/ -->\n<title>Contact - Elmas Patent<\/title>\n<meta name=\"robots\" content=\"index, follow, max-snippet:-1, max-image-preview:large, max-video-preview:-1\" \/>\n<link rel=\"canonical\" href=\"https:\/\/elmaspatent.com\/en\/contact\/\" \/>\n<meta property=\"og:locale\" content=\"en_US\" \/>\n<meta property=\"og:type\" content=\"article\" \/>\n<meta property=\"og:title\" content=\"Contact - Elmas Patent\" \/>\n<meta property=\"og:url\" content=\"https:\/\/elmaspatent.com\/en\/contact\/\" \/>\n<meta property=\"og:site_name\" content=\"Elmas Patent\" \/>\n<meta property=\"article:modified_time\" content=\"2025-09-16T09:26:12+00:00\" \/>\n<meta name=\"twitter:card\" content=\"summary_large_image\" \/>\n<meta name=\"twitter:label1\" content=\"Est. reading time\" \/>\n\t<meta name=\"twitter:data1\" content=\"1 minute\" \/>\n<script type=\"application\/ld+json\" class=\"yoast-schema-graph\">{\"@context\":\"https:\/\/schema.org\",\"@graph\":[{\"@type\":\"WebPage\",\"@id\":\"https:\/\/elmaspatent.com\/en\/contact\/\",\"url\":\"https:\/\/elmaspatent.com\/en\/contact\/\",\"name\":\"Contact - Elmas Patent\",\"isPartOf\":{\"@id\":\"https:\/\/elmaspatent.com\/en\/#website\"},\"datePublished\":\"2025-04-12T01:58:45+00:00\",\"dateModified\":\"2025-09-16T09:26:12+00:00\",\"breadcrumb\":{\"@id\":\"https:\/\/elmaspatent.com\/en\/contact\/#breadcrumb\"},\"inLanguage\":\"en-US\",\"potentialAction\":[{\"@type\":\"ReadAction\",\"target\":[\"https:\/\/elmaspatent.com\/en\/contact\/\"]}]},{\"@type\":\"BreadcrumbList\",\"@id\":\"https:\/\/elmaspatent.com\/en\/contact\/#breadcrumb\",\"itemListElement\":[{\"@type\":\"ListItem\",\"position\":1,\"name\":\"Anasayfa\",\"item\":\"https:\/\/elmaspatent.com\/en\/\"},{\"@type\":\"ListItem\",\"position\":2,\"name\":\"Contact\"}]},{\"@type\":\"WebSite\",\"@id\":\"https:\/\/elmaspatent.com\/en\/#website\",\"url\":\"https:\/\/elmaspatent.com\/en\/\",\"name\":\"Elmas Patent\",\"description\":\"\",\"potentialAction\":[{\"@type\":\"SearchAction\",\"target\":{\"@type\":\"EntryPoint\",\"urlTemplate\":\"https:\/\/elmaspatent.com\/en\/?s={search_term_string}\"},\"query-input\":{\"@type\":\"PropertyValueSpecification\",\"valueRequired\":true,\"valueName\":\"search_term_string\"}}],\"inLanguage\":\"en-US\"}]}<\/script>\n<!-- \/ Yoast SEO plugin. -->","yoast_head_json":{"title":"Contact - Elmas Patent","robots":{"index":"index","follow":"follow","max-snippet":"max-snippet:-1","max-image-preview":"max-image-preview:large","max-video-preview":"max-video-preview:-1"},"canonical":"https:\/\/elmaspatent.com\/en\/contact\/","og_locale":"en_US","og_type":"article","og_title":"Contact - Elmas Patent","og_url":"https:\/\/elmaspatent.com\/en\/contact\/","og_site_name":"Elmas Patent","article_modified_time":"2025-09-16T09:26:12+00:00","twitter_card":"summary_large_image","twitter_misc":{"Est. reading time":"1 minute"},"schema":{"@context":"https:\/\/schema.org","@graph":[{"@type":"WebPage","@id":"https:\/\/elmaspatent.com\/en\/contact\/","url":"https:\/\/elmaspatent.com\/en\/contact\/","name":"Contact - Elmas Patent","isPartOf":{"@id":"https:\/\/elmaspatent.com\/en\/#website"},"datePublished":"2025-04-12T01:58:45+00:00","dateModified":"2025-09-16T09:26:12+00:00","breadcrumb":{"@id":"https:\/\/elmaspatent.com\/en\/contact\/#breadcrumb"},"inLanguage":"en-US","potentialAction":[{"@type":"ReadAction","target":["https:\/\/elmaspatent.com\/en\/contact\/"]}]},{"@type":"BreadcrumbList","@id":"https:\/\/elmaspatent.com\/en\/contact\/#breadcrumb","itemListElement":[{"@type":"ListItem","position":1,"name":"Anasayfa","item":"https:\/\/elmaspatent.com\/en\/"},{"@type":"ListItem","position":2,"name":"Contact"}]},{"@type":"WebSite","@id":"https:\/\/elmaspatent.com\/en\/#website","url":"https:\/\/elmaspatent.com\/en\/","name":"Elmas Patent","description":"","potentialAction":[{"@type":"SearchAction","target":{"@type":"EntryPoint","urlTemplate":"https:\/\/elmaspatent.com\/en\/?s={search_term_string}"},"query-input":{"@type":"PropertyValueSpecification","valueRequired":true,"valueName":"search_term_string"}}],"inLanguage":"en-US"}]}},"_links":{"self":[{"href":"https:\/\/elmaspatent.com\/en\/wp-json\/wp\/v2\/pages\/7244","targetHints":{"allow":["GET"]}}],"collection":[{"href":"https:\/\/elmaspatent.com\/en\/wp-json\/wp\/v2\/pages"}],"about":[{"href":"https:\/\/elmaspatent.com\/en\/wp-json\/wp\/v2\/types\/page"}],"author":[{"embeddable":true,"href":"https:\/\/elmaspatent.com\/en\/wp-json\/wp\/v2\/users\/1"}],"replies":[{"embeddable":true,"href":"https:\/\/elmaspatent.com\/en\/wp-json\/wp\/v2\/comments?post=7244"}],"version-history":[{"count":11,"href":"https:\/\/elmaspatent.com\/en\/wp-json\/wp\/v2\/pages\/7244\/revisions"}],"predecessor-version":[{"id":8119,"href":"https:\/\/elmaspatent.com\/en\/wp-json\/wp\/v2\/pages\/7244\/revisions\/8119"}],"wp:attachment":[{"href":"https:\/\/elmaspatent.com\/en\/wp-json\/wp\/v2\/media?parent=7244"}],"curies":[{"name":"wp","href":"https:\/\/api.w.org\/{rel}","templated":true}]}}