{"id":7231,"date":"2025-04-12T09:23:32","date_gmt":"2025-04-12T09:23:32","guid":{"rendered":"https:\/\/elmaspatent.com\/marka\/"},"modified":"2025-09-12T07:20:57","modified_gmt":"2025-09-12T07:20:57","slug":"trademarks","status":"publish","type":"page","link":"https:\/\/elmaspatent.com\/en\/trademarks\/","title":{"rendered":"Trademarks"},"content":{"rendered":"<section class=\"l-section wpb_row height_medium\"><div class=\"l-section-h i-cf\"><div class=\"g-cols vc_row via_grid cols_1 laptops-cols_inherit tablets-cols_inherit mobiles-cols_1 valign_top type_default stacking_default\"><div class=\"wpb_column vc_column_container\"><div class=\"vc_column-inner\"><div class=\"w-grid us_post_list type_grid layout_90 cols_4 overflow_hidden preload_style_spinner\" id=\"us_post_list_k8d4\" style=\"--columns:4;--gap:1rem;\"><style>@media (max-width:1024px){#us_post_list_k8d4{--columns:2!important}}@media (max-width:600px){#us_post_list_k8d4{--columns:1!important}}.layout_90 .w-grid-item-h{background:#333;border-radius:0.3rem;box-shadow:0 0.03rem 0.06rem rgba(0,0,0,0.1),0 0.1rem 0.3rem rgba(0,0,0,0.1);transition-duration:0.3s}.no-touch .layout_90 .w-grid-item-h:hover{box-shadow:0 0.12rem 0.24rem rgba(0,0,0,0.1),0 0.4rem 1.2rem rgba(0,0,0,0.15);z-index:4}.layout_90 .usg_post_image_1{transition-duration:0.3s;transform-origin:50% 50%;transform:scale(1) translate(0%,0%)}.layout_90 .w-grid-item-h:focus-within .usg_post_image_1,.layout_90 .w-grid-item-h:hover .usg_post_image_1{transform:scale(1.1) translate(0%,0%);opacity:1}.layout_90 .usg_vwrapper_1{position:absolute!important;right:0!important;bottom:0!important;left:0!important;background:linear-gradient(transparent,rgba(30,30,30,0.8))!important;padding:15% 7% 7% 7%!important}.layout_90 .usg_post_taxonomy_1{font-size:10px!important;font-weight:700!important;text-transform:uppercase!important;margin-bottom:0.5rem!important}.layout_90 .usg_post_title_1{color:#fff!important;font-size:1rem!important;font-weight:700!important}@media (max-width:600px){.layout_90 .usg_post_title_1{font-size:1.2rem!important}}<\/style><div class=\"w-grid-list\">\t<article class=\"w-grid-item size_1x1 post-7903 hizmet type-hizmet status-publish has-post-thumbnail hentry hizmet-kategori-trademarks\" data-id=\"7903\">\r\n\t\t<div class=\"w-grid-item-h\">\r\n\t\t\t\t\t\t\t<a href=\"#\" class=\"w-grid-item-anchor\" aria-label=\"Trademark Discovery and Creation\"><\/a>\r\n\t\t\t\t\t\t<div class=\"w-post-elm post_image usg_post_image_1 has_ratio\"><img decoding=\"async\" width=\"1024\" height=\"683\" src=\"https:\/\/elmaspatent.com\/wp-content\/uploads\/2025\/09\/creative-digital-development-agency-2024-08-08-23-35-20-utc-1024x683.jpg\" class=\"attachment-large size-large wp-post-image\" alt=\"\" \/><div style=\"padding-bottom:66.6667%\"><\/div><\/div><div class=\"w-vwrapper usg_vwrapper_1 align_none valign_top\"><h2 class=\"w-post-elm post_title usg_post_title_1 has_text_color entry-title color_link_inherit\">Trademark Discovery and Creation<\/h2><\/div>\t\t<\/div>\r\n\t\t\t<\/article>\r\n\t<article class=\"w-grid-item size_1x1 post-7902 hizmet type-hizmet status-publish has-post-thumbnail hentry hizmet-kategori-trademarks\" data-id=\"7902\">\r\n\t\t<div class=\"w-grid-item-h\">\r\n\t\t\t\t\t\t\t<a href=\"#\" class=\"w-grid-item-anchor\" aria-label=\"Trademark Preliminary Research and Analysis\"><\/a>\r\n\t\t\t\t\t\t<div class=\"w-post-elm post_image usg_post_image_1 has_ratio\"><img decoding=\"async\" width=\"1024\" height=\"683\" src=\"https:\/\/elmaspatent.com\/wp-content\/uploads\/2025\/09\/happy-professional-team-of-photographer-and-assist-2023-11-27-05-05-51-utc-1024x683.jpg\" class=\"attachment-large size-large wp-post-image\" alt=\"\" \/><div style=\"padding-bottom:66.6667%\"><\/div><\/div><div class=\"w-vwrapper usg_vwrapper_1 align_none valign_top\"><h2 class=\"w-post-elm post_title usg_post_title_1 has_text_color entry-title color_link_inherit\">Trademark Preliminary Research and Analysis<\/h2><\/div>\t\t<\/div>\r\n\t\t\t<\/article>\r\n\t<article class=\"w-grid-item size_1x1 post-7901 hizmet type-hizmet status-publish has-post-thumbnail hentry hizmet-kategori-trademarks\" data-id=\"7901\">\r\n\t\t<div class=\"w-grid-item-h\">\r\n\t\t\t\t\t\t\t<a href=\"#\" class=\"w-grid-item-anchor\" aria-label=\"Well-Known Trademark Registration Consultancy\"><\/a>\r\n\t\t\t\t\t\t<div class=\"w-post-elm post_image usg_post_image_1 has_ratio\"><img decoding=\"async\" width=\"960\" height=\"540\" src=\"https:\/\/elmaspatent.com\/wp-content\/uploads\/2025\/09\/Adsiz-tasarim-19.jpg\" class=\"attachment-large size-large wp-post-image\" alt=\"\" \/><div style=\"padding-bottom:66.6667%\"><\/div><\/div><div class=\"w-vwrapper usg_vwrapper_1 align_none valign_top\"><h2 class=\"w-post-elm post_title usg_post_title_1 has_text_color entry-title color_link_inherit\">Well-Known Trademark Registration Consultancy<\/h2><\/div>\t\t<\/div>\r\n\t\t\t<\/article>\r\n\t<article class=\"w-grid-item size_1x1 post-7900 hizmet type-hizmet status-publish has-post-thumbnail hentry hizmet-kategori-trademarks\" data-id=\"7900\">\r\n\t\t<div class=\"w-grid-item-h\">\r\n\t\t\t\t\t\t\t<a href=\"#\" class=\"w-grid-item-anchor\" aria-label=\"Trademark Usage Research\"><\/a>\r\n\t\t\t\t\t\t<div class=\"w-post-elm post_image usg_post_image_1 has_ratio\"><img decoding=\"async\" width=\"1024\" height=\"595\" src=\"https:\/\/elmaspatent.com\/wp-content\/uploads\/2025\/09\/marka-kullanim-arastirmasi-1024x595.jpg\" class=\"attachment-large size-large wp-post-image\" alt=\"\" \/><div style=\"padding-bottom:66.6667%\"><\/div><\/div><div class=\"w-vwrapper usg_vwrapper_1 align_none valign_top\"><h2 class=\"w-post-elm post_title usg_post_title_1 has_text_color entry-title color_link_inherit\">Trademark Usage Research<\/h2><\/div>\t\t<\/div>\r\n\t\t\t<\/article>\r\n\t<article class=\"w-grid-item size_1x1 post-7899 hizmet type-hizmet status-publish has-post-thumbnail hentry hizmet-kategori-trademarks\" data-id=\"7899\">\r\n\t\t<div class=\"w-grid-item-h\">\r\n\t\t\t\t\t\t\t<a href=\"#\" class=\"w-grid-item-anchor\" aria-label=\"Trademark Valuation\"><\/a>\r\n\t\t\t\t\t\t<div class=\"w-post-elm post_image usg_post_image_1 has_ratio\"><img decoding=\"async\" width=\"1024\" height=\"595\" src=\"https:\/\/elmaspatent.com\/wp-content\/uploads\/2025\/09\/marka-degerleme-1024x595.jpg\" class=\"attachment-large size-large wp-post-image\" alt=\"\" \/><div style=\"padding-bottom:66.6667%\"><\/div><\/div><div class=\"w-vwrapper usg_vwrapper_1 align_none valign_top\"><h2 class=\"w-post-elm post_title usg_post_title_1 has_text_color entry-title color_link_inherit\">Trademark Valuation<\/h2><\/div>\t\t<\/div>\r\n\t\t\t<\/article>\r\n\t<article class=\"w-grid-item size_1x1 post-7883 hizmet type-hizmet status-publish has-post-thumbnail hentry hizmet-kategori-trademarks\" data-id=\"7883\">\r\n\t\t<div class=\"w-grid-item-h\">\r\n\t\t\t\t\t\t\t<a href=\"#\" class=\"w-grid-item-anchor\" aria-label=\"Trademark Monitoring\"><\/a>\r\n\t\t\t\t\t\t<div class=\"w-post-elm post_image usg_post_image_1 has_ratio\"><img decoding=\"async\" width=\"1024\" height=\"595\" src=\"https:\/\/elmaspatent.com\/wp-content\/uploads\/2025\/09\/marka-izleme-1024x595.jpg\" class=\"attachment-large size-large wp-post-image\" alt=\"\" \/><div style=\"padding-bottom:66.6667%\"><\/div><\/div><div class=\"w-vwrapper usg_vwrapper_1 align_none valign_top\"><h2 class=\"w-post-elm post_title usg_post_title_1 has_text_color entry-title color_link_inherit\">Trademark Monitoring<\/h2><\/div>\t\t<\/div>\r\n\t\t\t<\/article>\r\n\t<article class=\"w-grid-item size_1x1 post-7898 hizmet type-hizmet status-publish has-post-thumbnail hentry hizmet-kategori-trademarks\" data-id=\"7898\">\r\n\t\t<div class=\"w-grid-item-h\">\r\n\t\t\t\t\t\t\t<a href=\"#\" class=\"w-grid-item-anchor\" aria-label=\"Trademark Registration Application\"><\/a>\r\n\t\t\t\t\t\t<div class=\"w-post-elm post_image usg_post_image_1 has_ratio\"><img decoding=\"async\" width=\"1024\" height=\"595\" src=\"https:\/\/elmaspatent.com\/wp-content\/uploads\/2025\/09\/marka-tescil-basvurusu-1024x595.jpg\" class=\"attachment-large size-large wp-post-image\" alt=\"\" \/><div style=\"padding-bottom:66.6667%\"><\/div><\/div><div class=\"w-vwrapper usg_vwrapper_1 align_none valign_top\"><h2 class=\"w-post-elm post_title usg_post_title_1 has_text_color entry-title color_link_inherit\">Trademark Registration Application<\/h2><\/div>\t\t<\/div>\r\n\t\t\t<\/article>\r\n\t<article class=\"w-grid-item size_1x1 post-7897 hizmet type-hizmet status-publish has-post-thumbnail hentry hizmet-kategori-trademarks\" data-id=\"7897\">\r\n\t\t<div class=\"w-grid-item-h\">\r\n\t\t\t\t\t\t\t<a href=\"#\" class=\"w-grid-item-anchor\" aria-label=\"Trademark Registration Suitability Research\"><\/a>\r\n\t\t\t\t\t\t<div class=\"w-post-elm post_image usg_post_image_1 has_ratio\"><img decoding=\"async\" width=\"1024\" height=\"595\" src=\"https:\/\/elmaspatent.com\/wp-content\/uploads\/2025\/09\/marka-tescil-uygunluk-arastirmasi-2-1024x595.jpg\" class=\"attachment-large size-large wp-post-image\" alt=\"\" \/><div style=\"padding-bottom:66.6667%\"><\/div><\/div><div class=\"w-vwrapper usg_vwrapper_1 align_none valign_top\"><h2 class=\"w-post-elm post_title usg_post_title_1 has_text_color entry-title color_link_inherit\">Trademark Registration Suitability Research<\/h2><\/div>\t\t<\/div>\r\n\t\t\t<\/article>\r\n<\/div><div class=\"g-loadmore hidden\"><div class=\"g-preloader type_1\"><div><\/div><\/div><\/div><div class=\"w-grid-list-json hidden\" onclick='return {&quot;max_num_pages&quot;:0,&quot;paginationBase&quot;:&quot;page&quot;,&quot;pagination&quot;:&quot;none&quot;,&quot;paged&quot;:1,&quot;ajaxData&quot;:{&quot;action&quot;:&quot;us_ajax_post_list&quot;,&quot;meta_type&quot;:&quot;post&quot;,&quot;object_id&quot;:0,&quot;template_vars&quot;:{&quot;shortcode_base&quot;:&quot;us_post_list&quot;,&quot;paged&quot;:1,&quot;max_num_pages&quot;:0,&quot;no_results&quot;:false,&quot;us_post_content_design_css&quot;:[],&quot;found_posts&quot;:0,&quot;per_page&quot;:12,&quot;items_count&quot;:8,&quot;orderby_random_seed&quot;:null,&quot;source&quot;:&quot;all&quot;,&quot;custom_field_name&quot;:&quot;&quot;,&quot;ids&quot;:&quot;&quot;,&quot;post_type&quot;:&quot;hizmet&quot;,&quot;attachment_ids&quot;:null,&quot;include_post_thumbnail&quot;:0,&quot;post_author&quot;:&quot;any&quot;,&quot;post_author_ids&quot;:&quot;&quot;,&quot;apply_url_params&quot;:0,&quot;ignore_sticky_posts&quot;:1,&quot;exclude_children&quot;:0,&quot;exclude_current_post&quot;:1,&quot;exclude_prev_posts&quot;:0,&quot;exclude_past_events&quot;:0,&quot;enable_items_offset&quot;:0,&quot;items_offset&quot;:&quot;1&quot;,&quot;tax_query_relation&quot;:&quot;AND&quot;,&quot;tax_query&quot;:&quot;%5B%7B%22operator%22%3A%22IN%22%2C%22taxonomy%22%3A%22hizmet-kategori%22%2C%22terms%22%3A%225%22%2C%22include_children%22%3A%220%22%7D%5D&quot;,&quot;meta_query_relation&quot;:&quot;none&quot;,&quot;meta_query&quot;:[{&quot;key&quot;:&quot;custom_field_name&quot;,&quot;compare&quot;:&quot;=&quot;,&quot;value&quot;:&quot;&quot;}],&quot;orderby&quot;:&quot;date&quot;,&quot;orderby_custom_field&quot;:&quot;&quot;,&quot;orderby_custom_type&quot;:0,&quot;order_invert&quot;:0,&quot;show_all&quot;:0,&quot;quantity&quot;:&quot;12&quot;,&quot;posts_per_archive_page&quot;:0,&quot;no_items_action&quot;:&quot;message&quot;,&quot;no_items_message&quot;:&quot;No results found.&quot;,&quot;no_items_page_block&quot;:&quot;&quot;,&quot;pagination&quot;:&quot;none&quot;,&quot;pagination_style&quot;:&quot;&quot;,&quot;pagination_btn_text&quot;:&quot;Load More&quot;,&quot;pagination_btn_size&quot;:&quot;&quot;,&quot;pagination_btn_style&quot;:&quot;1&quot;,&quot;pagination_btn_fullwidth&quot;:0,&quot;items_layout&quot;:&quot;90&quot;,&quot;type&quot;:&quot;grid&quot;,&quot;items_valign&quot;:0,&quot;ignore_items_size&quot;:0,&quot;columns&quot;:&quot;4&quot;,&quot;items_gap&quot;:&quot;1rem&quot;,&quot;load_animation&quot;:&quot;none&quot;,&quot;items_preload_style&quot;:&quot;spinner&quot;,&quot;img_size&quot;:&quot;default&quot;,&quot;title_size&quot;:&quot;&quot;,&quot;items_ratio&quot;:&quot;default&quot;,&quot;items_ratio_width&quot;:&quot;21&quot;,&quot;items_ratio_height&quot;:&quot;9&quot;,&quot;overriding_link&quot;:&quot;%7B%22url%22%3A%22%23%22%7D&quot;,&quot;popup_page_template&quot;:&quot;0&quot;,&quot;popup_width&quot;:&quot;&quot;,&quot;popup_arrows&quot;:1,&quot;breakpoint_1_width&quot;:&quot;1381px&quot;,&quot;breakpoint_1_cols&quot;:&quot;default&quot;,&quot;breakpoint_1_quantity&quot;:&quot;&quot;,&quot;breakpoint_1_gap&quot;:&quot;&quot;,&quot;breakpoint_2_width&quot;:&quot;1025px&quot;,&quot;breakpoint_2_cols&quot;:&quot;2&quot;,&quot;breakpoint_2_quantity&quot;:&quot;&quot;,&quot;breakpoint_2_gap&quot;:&quot;&quot;,&quot;breakpoint_3_width&quot;:&quot;601px&quot;,&quot;breakpoint_3_cols&quot;:&quot;1&quot;,&quot;breakpoint_3_quantity&quot;:&quot;&quot;,&quot;breakpoint_3_gap&quot;:&quot;&quot;,&quot;conditions_operator&quot;:&quot;always&quot;,&quot;conditions&quot;:[],&quot;css&quot;:null,&quot;el_class&quot;:&quot;&quot;,&quot;el_id&quot;:&quot;&quot;,&quot;enable_custom_html_atts&quot;:0,&quot;custom_html_atts&quot;:null,&quot;hide_on_states&quot;:&quot;&quot;,&quot;hide_for_sticky&quot;:0,&quot;hide_for_not_sticky&quot;:0,&quot;hide_below&quot;:&quot;0px&quot;,&quot;hide_above&quot;:&quot;0px&quot;,&quot;classes&quot;:&quot;&quot;},&quot;found_posts&quot;:0,&quot;per_page&quot;:12},&quot;facetedFilter&quot;:[]}'><\/div><\/div><\/div><\/div><\/div><\/div><\/section><section class=\"l-section wpb_row height_medium\"><div class=\"l-section-h i-cf\"><div class=\"g-cols vc_row via_grid cols_1 laptops-cols_inherit tablets-cols_inherit mobiles-cols_1 valign_top type_default stacking_default\"><div class=\"wpb_column vc_column_container\"><div class=\"vc_column-inner\"><div class=\"w-image align_center\"><div class=\"w-image-h\"><img decoding=\"async\" width=\"1024\" height=\"576\" src=\"https:\/\/elmaspatent.com\/wp-content\/uploads\/2025\/09\/MARKA-INGILIZCE-TIMELINE-1024x576.jpg\" class=\"attachment-large size-large\" alt=\"\" loading=\"lazy\" srcset=\"https:\/\/elmaspatent.com\/wp-content\/uploads\/2025\/09\/MARKA-INGILIZCE-TIMELINE-1024x576.jpg 1024w, https:\/\/elmaspatent.com\/wp-content\/uploads\/2025\/09\/MARKA-INGILIZCE-TIMELINE-300x169.jpg 300w, https:\/\/elmaspatent.com\/wp-content\/uploads\/2025\/09\/MARKA-INGILIZCE-TIMELINE.jpg 1280w\" sizes=\"auto, (max-width: 1024px) 100vw, 1024px\" \/><\/div><\/div><\/div><\/div><\/div><\/div><\/section>\n","protected":false},"excerpt":{"rendered":"Marka Tescile Uygunluk Ara\u015ft\u0131rmas\u0131 Elmas Patent, marka tesciline uygunluk ara\u015ft\u0131rmas\u0131 hizmetleriyle, tescil ettirmeyi d\u00fc\u015f\u00fcnd\u00fc\u011f\u00fcn\u00fcz markan\u0131n benzerlerinin olup olmad\u0131\u011f\u0131n\u0131 kapsaml\u0131 bir \u015fekilde inceler. Bu ara\u015ft\u0131rma, markan\u0131z\u0131n benzersizli\u011fini ve tescil edilebilirli\u011fini garanti alt\u0131na alman\u0131n ilk ad\u0131m\u0131d\u0131r. Elmas Patent\u2019in uzman dan\u0131\u015fmanlar\u0131, bug\u00fcne kadar yay\u0131nlanm\u0131\u015f markalar aras\u0131nda benzer veya ayn\u0131 markalar\u0131n olup olmad\u0131\u011f\u0131n\u0131 ara\u015ft\u0131rarak, varsa hangi firmaya ait olduklar\u0131n\u0131...","protected":false},"author":1,"featured_media":7190,"parent":0,"menu_order":0,"comment_status":"closed","ping_status":"closed","template":"","meta":{"_acf_changed":false,"footnotes":""},"class_list":["post-7231","page","type-page","status-publish","has-post-thumbnail","hentry"],"acf":[],"yoast_head":"<!-- This site is optimized with the Yoast SEO plugin v27.0 - https:\/\/yoast.com\/product\/yoast-seo-wordpress\/ -->\n<title>Trademarks - Elmas Patent<\/title>\n<meta name=\"robots\" content=\"index, follow, max-snippet:-1, max-image-preview:large, max-video-preview:-1\" \/>\n<link rel=\"canonical\" href=\"https:\/\/elmaspatent.com\/en\/trademarks\/\" \/>\n<meta property=\"og:locale\" content=\"en_US\" \/>\n<meta property=\"og:type\" content=\"article\" \/>\n<meta property=\"og:title\" content=\"Trademarks - Elmas Patent\" \/>\n<meta property=\"og:url\" content=\"https:\/\/elmaspatent.com\/en\/trademarks\/\" \/>\n<meta property=\"og:site_name\" content=\"Elmas Patent\" \/>\n<meta property=\"article:modified_time\" content=\"2025-09-12T07:20:57+00:00\" \/>\n<meta property=\"og:image\" content=\"https:\/\/elmaspatent.com\/wp-content\/uploads\/2025\/09\/marka-tescil-basvurusu.jpg\" \/>\n\t<meta property=\"og:image:width\" content=\"1550\" \/>\n\t<meta property=\"og:image:height\" content=\"900\" \/>\n\t<meta property=\"og:image:type\" content=\"image\/jpeg\" \/>\n<meta name=\"twitter:card\" content=\"summary_large_image\" \/>\n<meta name=\"twitter:label1\" content=\"Est. reading time\" \/>\n\t<meta name=\"twitter:data1\" content=\"1 minute\" \/>\n<script type=\"application\/ld+json\" class=\"yoast-schema-graph\">{\"@context\":\"https:\/\/schema.org\",\"@graph\":[{\"@type\":\"WebPage\",\"@id\":\"https:\/\/elmaspatent.com\/en\/trademarks\/\",\"url\":\"https:\/\/elmaspatent.com\/en\/trademarks\/\",\"name\":\"Trademarks - Elmas Patent\",\"isPartOf\":{\"@id\":\"https:\/\/elmaspatent.com\/en\/#website\"},\"primaryImageOfPage\":{\"@id\":\"https:\/\/elmaspatent.com\/en\/trademarks\/#primaryimage\"},\"image\":{\"@id\":\"https:\/\/elmaspatent.com\/en\/trademarks\/#primaryimage\"},\"thumbnailUrl\":\"https:\/\/elmaspatent.com\/wp-content\/uploads\/2025\/09\/marka-tescil-basvurusu.jpg\",\"datePublished\":\"2025-04-12T09:23:32+00:00\",\"dateModified\":\"2025-09-12T07:20:57+00:00\",\"breadcrumb\":{\"@id\":\"https:\/\/elmaspatent.com\/en\/trademarks\/#breadcrumb\"},\"inLanguage\":\"en-US\",\"potentialAction\":[{\"@type\":\"ReadAction\",\"target\":[\"https:\/\/elmaspatent.com\/en\/trademarks\/\"]}]},{\"@type\":\"ImageObject\",\"inLanguage\":\"en-US\",\"@id\":\"https:\/\/elmaspatent.com\/en\/trademarks\/#primaryimage\",\"url\":\"https:\/\/elmaspatent.com\/wp-content\/uploads\/2025\/09\/marka-tescil-basvurusu.jpg\",\"contentUrl\":\"https:\/\/elmaspatent.com\/wp-content\/uploads\/2025\/09\/marka-tescil-basvurusu.jpg\",\"width\":1550,\"height\":900},{\"@type\":\"BreadcrumbList\",\"@id\":\"https:\/\/elmaspatent.com\/en\/trademarks\/#breadcrumb\",\"itemListElement\":[{\"@type\":\"ListItem\",\"position\":1,\"name\":\"Anasayfa\",\"item\":\"https:\/\/elmaspatent.com\/en\/\"},{\"@type\":\"ListItem\",\"position\":2,\"name\":\"Trademarks\"}]},{\"@type\":\"WebSite\",\"@id\":\"https:\/\/elmaspatent.com\/en\/#website\",\"url\":\"https:\/\/elmaspatent.com\/en\/\",\"name\":\"Elmas Patent\",\"description\":\"\",\"potentialAction\":[{\"@type\":\"SearchAction\",\"target\":{\"@type\":\"EntryPoint\",\"urlTemplate\":\"https:\/\/elmaspatent.com\/en\/?s={search_term_string}\"},\"query-input\":{\"@type\":\"PropertyValueSpecification\",\"valueRequired\":true,\"valueName\":\"search_term_string\"}}],\"inLanguage\":\"en-US\"}]}<\/script>\n<!-- \/ Yoast SEO plugin. -->","yoast_head_json":{"title":"Trademarks - Elmas Patent","robots":{"index":"index","follow":"follow","max-snippet":"max-snippet:-1","max-image-preview":"max-image-preview:large","max-video-preview":"max-video-preview:-1"},"canonical":"https:\/\/elmaspatent.com\/en\/trademarks\/","og_locale":"en_US","og_type":"article","og_title":"Trademarks - Elmas Patent","og_url":"https:\/\/elmaspatent.com\/en\/trademarks\/","og_site_name":"Elmas Patent","article_modified_time":"2025-09-12T07:20:57+00:00","og_image":[{"width":1550,"height":900,"url":"https:\/\/elmaspatent.com\/wp-content\/uploads\/2025\/09\/marka-tescil-basvurusu.jpg","type":"image\/jpeg"}],"twitter_card":"summary_large_image","twitter_misc":{"Est. reading time":"1 minute"},"schema":{"@context":"https:\/\/schema.org","@graph":[{"@type":"WebPage","@id":"https:\/\/elmaspatent.com\/en\/trademarks\/","url":"https:\/\/elmaspatent.com\/en\/trademarks\/","name":"Trademarks - Elmas Patent","isPartOf":{"@id":"https:\/\/elmaspatent.com\/en\/#website"},"primaryImageOfPage":{"@id":"https:\/\/elmaspatent.com\/en\/trademarks\/#primaryimage"},"image":{"@id":"https:\/\/elmaspatent.com\/en\/trademarks\/#primaryimage"},"thumbnailUrl":"https:\/\/elmaspatent.com\/wp-content\/uploads\/2025\/09\/marka-tescil-basvurusu.jpg","datePublished":"2025-04-12T09:23:32+00:00","dateModified":"2025-09-12T07:20:57+00:00","breadcrumb":{"@id":"https:\/\/elmaspatent.com\/en\/trademarks\/#breadcrumb"},"inLanguage":"en-US","potentialAction":[{"@type":"ReadAction","target":["https:\/\/elmaspatent.com\/en\/trademarks\/"]}]},{"@type":"ImageObject","inLanguage":"en-US","@id":"https:\/\/elmaspatent.com\/en\/trademarks\/#primaryimage","url":"https:\/\/elmaspatent.com\/wp-content\/uploads\/2025\/09\/marka-tescil-basvurusu.jpg","contentUrl":"https:\/\/elmaspatent.com\/wp-content\/uploads\/2025\/09\/marka-tescil-basvurusu.jpg","width":1550,"height":900},{"@type":"BreadcrumbList","@id":"https:\/\/elmaspatent.com\/en\/trademarks\/#breadcrumb","itemListElement":[{"@type":"ListItem","position":1,"name":"Anasayfa","item":"https:\/\/elmaspatent.com\/en\/"},{"@type":"ListItem","position":2,"name":"Trademarks"}]},{"@type":"WebSite","@id":"https:\/\/elmaspatent.com\/en\/#website","url":"https:\/\/elmaspatent.com\/en\/","name":"Elmas Patent","description":"","potentialAction":[{"@type":"SearchAction","target":{"@type":"EntryPoint","urlTemplate":"https:\/\/elmaspatent.com\/en\/?s={search_term_string}"},"query-input":{"@type":"PropertyValueSpecification","valueRequired":true,"valueName":"search_term_string"}}],"inLanguage":"en-US"}]}},"_links":{"self":[{"href":"https:\/\/elmaspatent.com\/en\/wp-json\/wp\/v2\/pages\/7231","targetHints":{"allow":["GET"]}}],"collection":[{"href":"https:\/\/elmaspatent.com\/en\/wp-json\/wp\/v2\/pages"}],"about":[{"href":"https:\/\/elmaspatent.com\/en\/wp-json\/wp\/v2\/types\/page"}],"author":[{"embeddable":true,"href":"https:\/\/elmaspatent.com\/en\/wp-json\/wp\/v2\/users\/1"}],"replies":[{"embeddable":true,"href":"https:\/\/elmaspatent.com\/en\/wp-json\/wp\/v2\/comments?post=7231"}],"version-history":[{"count":4,"href":"https:\/\/elmaspatent.com\/en\/wp-json\/wp\/v2\/pages\/7231\/revisions"}],"predecessor-version":[{"id":7827,"href":"https:\/\/elmaspatent.com\/en\/wp-json\/wp\/v2\/pages\/7231\/revisions\/7827"}],"wp:featuredmedia":[{"embeddable":true,"href":"https:\/\/elmaspatent.com\/en\/wp-json\/wp\/v2\/media\/7190"}],"wp:attachment":[{"href":"https:\/\/elmaspatent.com\/en\/wp-json\/wp\/v2\/media?parent=7231"}],"curies":[{"name":"wp","href":"https:\/\/api.w.org\/{rel}","templated":true}]}}