{"id":7227,"date":"2025-04-12T09:23:56","date_gmt":"2025-04-12T09:23:56","guid":{"rendered":"https:\/\/elmaspatent.com\/ozel-hizmetler\/"},"modified":"2025-09-15T15:14:28","modified_gmt":"2025-09-15T15:14:28","slug":"special-services","status":"publish","type":"page","link":"https:\/\/elmaspatent.com\/en\/special-services\/","title":{"rendered":"Special Services"},"content":{"rendered":"<section class=\"l-section wpb_row height_medium\"><div class=\"l-section-h i-cf\"><div class=\"g-cols vc_row via_grid cols_1 laptops-cols_inherit tablets-cols_inherit mobiles-cols_1 valign_top type_default stacking_default\"><div class=\"wpb_column vc_column_container\"><div class=\"vc_column-inner\"><div class=\"w-grid us_post_list type_grid layout_90 cols_4 overflow_hidden preload_style_spinner\" id=\"us_post_list_n606\" style=\"--columns:4;--gap:1rem;\"><style>@media (max-width:1024px){#us_post_list_n606{--columns:2!important}}@media (max-width:600px){#us_post_list_n606{--columns:1!important}}.layout_90 .w-grid-item-h{background:#333;border-radius:0.3rem;box-shadow:0 0.03rem 0.06rem rgba(0,0,0,0.1),0 0.1rem 0.3rem rgba(0,0,0,0.1);transition-duration:0.3s}.no-touch .layout_90 .w-grid-item-h:hover{box-shadow:0 0.12rem 0.24rem rgba(0,0,0,0.1),0 0.4rem 1.2rem rgba(0,0,0,0.15);z-index:4}.layout_90 .usg_post_image_1{transition-duration:0.3s;transform-origin:50% 50%;transform:scale(1) translate(0%,0%)}.layout_90 .w-grid-item-h:focus-within .usg_post_image_1,.layout_90 .w-grid-item-h:hover .usg_post_image_1{transform:scale(1.1) translate(0%,0%);opacity:1}.layout_90 .usg_vwrapper_1{position:absolute!important;right:0!important;bottom:0!important;left:0!important;background:linear-gradient(transparent,rgba(30,30,30,0.8))!important;padding:15% 7% 7% 7%!important}.layout_90 .usg_post_taxonomy_1{font-size:10px!important;font-weight:700!important;text-transform:uppercase!important;margin-bottom:0.5rem!important}.layout_90 .usg_post_title_1{color:#fff!important;font-size:1rem!important;font-weight:700!important}@media (max-width:600px){.layout_90 .usg_post_title_1{font-size:1.2rem!important}}<\/style><div class=\"w-grid-list\">\t<article class=\"w-grid-item size_1x1 post-7893 hizmet type-hizmet status-publish has-post-thumbnail hentry hizmet-kategori-special-services\" data-id=\"7893\">\r\n\t\t<div class=\"w-grid-item-h\">\r\n\t\t\t\t\t\t\t<a href=\"#\" class=\"w-grid-item-anchor\" aria-label=\"Domain Name Registration Service\"><\/a>\r\n\t\t\t\t\t\t<div class=\"w-post-elm post_image usg_post_image_1 has_ratio\"><img decoding=\"async\" width=\"1024\" height=\"683\" src=\"https:\/\/elmaspatent.com\/wp-content\/uploads\/2025\/09\/digital-illustration-of-the-network-and-data-conce-2023-11-27-05-04-49-utc-1024x683.jpg\" class=\"attachment-large size-large wp-post-image\" alt=\"\" \/><div style=\"padding-bottom:66.6667%\"><\/div><\/div><div class=\"w-vwrapper usg_vwrapper_1 align_none valign_top\"><h2 class=\"w-post-elm post_title usg_post_title_1 has_text_color entry-title color_link_inherit\">Domain Name Registration Service<\/h2><\/div>\t\t<\/div>\r\n\t\t\t<\/article>\r\n\t<article class=\"w-grid-item size_1x1 post-7892 hizmet type-hizmet status-publish has-post-thumbnail hentry hizmet-kategori-special-services\" data-id=\"7892\">\r\n\t\t<div class=\"w-grid-item-h\">\r\n\t\t\t\t\t\t\t<a href=\"#\" class=\"w-grid-item-anchor\" aria-label=\"Customs Protection Service\"><\/a>\r\n\t\t\t\t\t\t<div class=\"w-post-elm post_image usg_post_image_1 has_ratio\"><img decoding=\"async\" width=\"1024\" height=\"683\" src=\"https:\/\/elmaspatent.com\/wp-content\/uploads\/2025\/09\/going-through-your-orders-2024-04-02-19-37-11-utc-1024x683.jpg\" class=\"attachment-large size-large wp-post-image\" alt=\"\" \/><div style=\"padding-bottom:66.6667%\"><\/div><\/div><div class=\"w-vwrapper usg_vwrapper_1 align_none valign_top\"><h2 class=\"w-post-elm post_title usg_post_title_1 has_text_color entry-title color_link_inherit\">Customs Protection Service<\/h2><\/div>\t\t<\/div>\r\n\t\t\t<\/article>\r\n\t<article class=\"w-grid-item size_1x1 post-7891 hizmet type-hizmet status-publish has-post-thumbnail hentry hizmet-kategori-special-services\" data-id=\"7891\">\r\n\t\t<div class=\"w-grid-item-h\">\r\n\t\t\t\t\t\t\t<a href=\"#\" class=\"w-grid-item-anchor\" aria-label=\"SWOT Analysis\"><\/a>\r\n\t\t\t\t\t\t<div class=\"w-post-elm post_image usg_post_image_1 has_ratio\"><img decoding=\"async\" width=\"1024\" height=\"595\" src=\"https:\/\/elmaspatent.com\/wp-content\/uploads\/2025\/09\/swot-1024x595.jpg\" class=\"attachment-large size-large wp-post-image\" alt=\"\" \/><div style=\"padding-bottom:66.6667%\"><\/div><\/div><div class=\"w-vwrapper usg_vwrapper_1 align_none valign_top\"><h2 class=\"w-post-elm post_title usg_post_title_1 has_text_color entry-title color_link_inherit\">SWOT Analysis<\/h2><\/div>\t\t<\/div>\r\n\t\t\t<\/article>\r\n\t<article class=\"w-grid-item size_1x1 post-7890 hizmet type-hizmet status-publish has-post-thumbnail hentry hizmet-kategori-special-services\" data-id=\"7890\">\r\n\t\t<div class=\"w-grid-item-h\">\r\n\t\t\t\t\t\t\t<a href=\"#\" class=\"w-grid-item-anchor\" aria-label=\"Prototype Services\"><\/a>\r\n\t\t\t\t\t\t<div class=\"w-post-elm post_image usg_post_image_1 has_ratio\"><img decoding=\"async\" width=\"1024\" height=\"595\" src=\"https:\/\/elmaspatent.com\/wp-content\/uploads\/2025\/09\/prototype-1024x595.jpg\" class=\"attachment-large size-large wp-post-image\" alt=\"\" \/><div style=\"padding-bottom:66.6667%\"><\/div><\/div><div class=\"w-vwrapper usg_vwrapper_1 align_none valign_top\"><h2 class=\"w-post-elm post_title usg_post_title_1 has_text_color entry-title color_link_inherit\">Prototype Services<\/h2><\/div>\t\t<\/div>\r\n\t\t\t<\/article>\r\n\t<article class=\"w-grid-item size_1x1 post-7889 hizmet type-hizmet status-publish has-post-thumbnail hentry hizmet-kategori-special-services\" data-id=\"7889\">\r\n\t\t<div class=\"w-grid-item-h\">\r\n\t\t\t\t\t\t\t<a href=\"#\" class=\"w-grid-item-anchor\" aria-label=\"Consultancy\"><\/a>\r\n\t\t\t\t\t\t<div class=\"w-post-elm post_image usg_post_image_1 has_ratio\"><img decoding=\"async\" width=\"1024\" height=\"595\" src=\"https:\/\/elmaspatent.com\/wp-content\/uploads\/2025\/09\/danismanlik-1024x595.jpg\" class=\"attachment-large size-large wp-post-image\" alt=\"\" \/><div style=\"padding-bottom:66.6667%\"><\/div><\/div><div class=\"w-vwrapper usg_vwrapper_1 align_none valign_top\"><h2 class=\"w-post-elm post_title usg_post_title_1 has_text_color entry-title color_link_inherit\">Consultancy<\/h2><\/div>\t\t<\/div>\r\n\t\t\t<\/article>\r\n\t<article class=\"w-grid-item size_1x1 post-7888 hizmet type-hizmet status-publish has-post-thumbnail hentry hizmet-kategori-special-services\" data-id=\"7888\">\r\n\t\t<div class=\"w-grid-item-h\">\r\n\t\t\t\t\t\t\t<a href=\"#\" class=\"w-grid-item-anchor\" aria-label=\"Education\"><\/a>\r\n\t\t\t\t\t\t<div class=\"w-post-elm post_image usg_post_image_1 has_ratio\"><img decoding=\"async\" width=\"1024\" height=\"595\" src=\"https:\/\/elmaspatent.com\/wp-content\/uploads\/2025\/09\/egitim-1024x595.jpg\" class=\"attachment-large size-large wp-post-image\" alt=\"\" \/><div style=\"padding-bottom:66.6667%\"><\/div><\/div><div class=\"w-vwrapper usg_vwrapper_1 align_none valign_top\"><h2 class=\"w-post-elm post_title usg_post_title_1 has_text_color entry-title color_link_inherit\">Education<\/h2><\/div>\t\t<\/div>\r\n\t\t\t<\/article>\r\n\t<article class=\"w-grid-item size_1x1 post-7887 hizmet type-hizmet status-publish has-post-thumbnail hentry hizmet-kategori-special-services\" data-id=\"7887\">\r\n\t\t<div class=\"w-grid-item-h\">\r\n\t\t\t\t\t\t\t<a href=\"#\" class=\"w-grid-item-anchor\" aria-label=\"Geographical Indication\"><\/a>\r\n\t\t\t\t\t\t<div class=\"w-post-elm post_image usg_post_image_1 has_ratio\"><img decoding=\"async\" width=\"1024\" height=\"595\" src=\"https:\/\/elmaspatent.com\/wp-content\/uploads\/2025\/09\/cografi-islemler-1024x595.jpg\" class=\"attachment-large size-large wp-post-image\" alt=\"\" \/><div style=\"padding-bottom:66.6667%\"><\/div><\/div><div class=\"w-vwrapper usg_vwrapper_1 align_none valign_top\"><h2 class=\"w-post-elm post_title usg_post_title_1 has_text_color entry-title color_link_inherit\">Geographical Indication<\/h2><\/div>\t\t<\/div>\r\n\t\t\t<\/article>\r\n\t<article class=\"w-grid-item size_1x1 post-7885 hizmet type-hizmet status-publish has-post-thumbnail hentry hizmet-kategori-special-services\" data-id=\"7885\">\r\n\t\t<div class=\"w-grid-item-h\">\r\n\t\t\t\t\t\t\t<a href=\"#\" class=\"w-grid-item-anchor\" aria-label=\"Quality\"><\/a>\r\n\t\t\t\t\t\t<div class=\"w-post-elm post_image usg_post_image_1 has_ratio\"><img decoding=\"async\" width=\"1024\" height=\"595\" src=\"https:\/\/elmaspatent.com\/wp-content\/uploads\/2025\/09\/kalite-1024x595.jpg\" class=\"attachment-large size-large wp-post-image\" alt=\"\" \/><div style=\"padding-bottom:66.6667%\"><\/div><\/div><div class=\"w-vwrapper usg_vwrapper_1 align_none valign_top\"><h2 class=\"w-post-elm post_title usg_post_title_1 has_text_color entry-title color_link_inherit\">Quality<\/h2><\/div>\t\t<\/div>\r\n\t\t\t<\/article>\r\n\t<article class=\"w-grid-item size_1x1 post-7884 hizmet type-hizmet status-publish has-post-thumbnail hentry hizmet-kategori-special-services\" data-id=\"7884\">\r\n\t\t<div class=\"w-grid-item-h\">\r\n\t\t\t\t\t\t\t<a href=\"#\" class=\"w-grid-item-anchor\" aria-label=\"Other Protection\"><\/a>\r\n\t\t\t\t\t\t<div class=\"w-post-elm post_image usg_post_image_1 has_ratio\"><img decoding=\"async\" width=\"1024\" height=\"595\" src=\"https:\/\/elmaspatent.com\/wp-content\/uploads\/2025\/09\/diger-koruma-1024x595.jpg\" class=\"attachment-large size-large wp-post-image\" alt=\"\" \/><div style=\"padding-bottom:66.6667%\"><\/div><\/div><div class=\"w-vwrapper usg_vwrapper_1 align_none valign_top\"><h2 class=\"w-post-elm post_title usg_post_title_1 has_text_color entry-title color_link_inherit\">Other Protection<\/h2><\/div>\t\t<\/div>\r\n\t\t\t<\/article>\r\n\t<article class=\"w-grid-item size_1x1 post-7882 hizmet type-hizmet status-publish has-post-thumbnail hentry hizmet-kategori-special-services\" data-id=\"7882\">\r\n\t\t<div class=\"w-grid-item-h\">\r\n\t\t\t\t\t\t\t<a href=\"#\" class=\"w-grid-item-anchor\" aria-label=\"Overseas Registration\"><\/a>\r\n\t\t\t\t\t\t<div class=\"w-post-elm post_image usg_post_image_1 has_ratio\"><img decoding=\"async\" width=\"1024\" height=\"595\" src=\"https:\/\/elmaspatent.com\/wp-content\/uploads\/2025\/09\/yurtdisi-tescil-1024x595.jpg\" class=\"attachment-large size-large wp-post-image\" alt=\"\" \/><div style=\"padding-bottom:66.6667%\"><\/div><\/div><div class=\"w-vwrapper usg_vwrapper_1 align_none valign_top\"><h2 class=\"w-post-elm post_title usg_post_title_1 has_text_color entry-title color_link_inherit\">Overseas Registration<\/h2><\/div>\t\t<\/div>\r\n\t\t\t<\/article>\r\n<\/div><div class=\"g-loadmore hidden\"><div class=\"g-preloader type_1\"><div><\/div><\/div><\/div><div class=\"w-grid-list-json hidden\" onclick='return {&quot;max_num_pages&quot;:0,&quot;paginationBase&quot;:&quot;page&quot;,&quot;pagination&quot;:&quot;none&quot;,&quot;paged&quot;:1,&quot;ajaxData&quot;:{&quot;action&quot;:&quot;us_ajax_post_list&quot;,&quot;meta_type&quot;:&quot;post&quot;,&quot;object_id&quot;:0,&quot;template_vars&quot;:{&quot;shortcode_base&quot;:&quot;us_post_list&quot;,&quot;paged&quot;:1,&quot;max_num_pages&quot;:0,&quot;no_results&quot;:false,&quot;us_post_content_design_css&quot;:[],&quot;found_posts&quot;:0,&quot;per_page&quot;:12,&quot;items_count&quot;:10,&quot;orderby_random_seed&quot;:null,&quot;source&quot;:&quot;all&quot;,&quot;custom_field_name&quot;:&quot;&quot;,&quot;ids&quot;:&quot;&quot;,&quot;post_type&quot;:&quot;hizmet&quot;,&quot;attachment_ids&quot;:null,&quot;include_post_thumbnail&quot;:0,&quot;post_author&quot;:&quot;any&quot;,&quot;post_author_ids&quot;:&quot;&quot;,&quot;apply_url_params&quot;:0,&quot;ignore_sticky_posts&quot;:1,&quot;exclude_children&quot;:0,&quot;exclude_current_post&quot;:1,&quot;exclude_prev_posts&quot;:0,&quot;exclude_past_events&quot;:0,&quot;enable_items_offset&quot;:0,&quot;items_offset&quot;:&quot;1&quot;,&quot;tax_query_relation&quot;:&quot;AND&quot;,&quot;tax_query&quot;:&quot;%5B%7B%22operator%22%3A%22IN%22%2C%22taxonomy%22%3A%22hizmet-kategori%22%2C%22terms%22%3A%227%22%2C%22include_children%22%3A%220%22%7D%5D&quot;,&quot;meta_query_relation&quot;:&quot;none&quot;,&quot;meta_query&quot;:[{&quot;key&quot;:&quot;custom_field_name&quot;,&quot;compare&quot;:&quot;=&quot;,&quot;value&quot;:&quot;&quot;}],&quot;orderby&quot;:&quot;date&quot;,&quot;orderby_custom_field&quot;:&quot;&quot;,&quot;orderby_custom_type&quot;:0,&quot;order_invert&quot;:0,&quot;show_all&quot;:0,&quot;quantity&quot;:&quot;12&quot;,&quot;posts_per_archive_page&quot;:0,&quot;no_items_action&quot;:&quot;message&quot;,&quot;no_items_message&quot;:&quot;No results found.&quot;,&quot;no_items_page_block&quot;:&quot;&quot;,&quot;pagination&quot;:&quot;none&quot;,&quot;pagination_style&quot;:&quot;&quot;,&quot;pagination_btn_text&quot;:&quot;Load More&quot;,&quot;pagination_btn_size&quot;:&quot;&quot;,&quot;pagination_btn_style&quot;:&quot;1&quot;,&quot;pagination_btn_fullwidth&quot;:0,&quot;items_layout&quot;:&quot;90&quot;,&quot;type&quot;:&quot;grid&quot;,&quot;items_valign&quot;:0,&quot;ignore_items_size&quot;:0,&quot;columns&quot;:&quot;4&quot;,&quot;items_gap&quot;:&quot;1rem&quot;,&quot;load_animation&quot;:&quot;none&quot;,&quot;items_preload_style&quot;:&quot;spinner&quot;,&quot;img_size&quot;:&quot;default&quot;,&quot;title_size&quot;:&quot;&quot;,&quot;items_ratio&quot;:&quot;default&quot;,&quot;items_ratio_width&quot;:&quot;21&quot;,&quot;items_ratio_height&quot;:&quot;9&quot;,&quot;overriding_link&quot;:&quot;%7B%22url%22%3A%22%23%22%7D&quot;,&quot;popup_page_template&quot;:&quot;0&quot;,&quot;popup_width&quot;:&quot;&quot;,&quot;popup_arrows&quot;:1,&quot;breakpoint_1_width&quot;:&quot;1381px&quot;,&quot;breakpoint_1_cols&quot;:&quot;default&quot;,&quot;breakpoint_1_quantity&quot;:&quot;&quot;,&quot;breakpoint_1_gap&quot;:&quot;&quot;,&quot;breakpoint_2_width&quot;:&quot;1025px&quot;,&quot;breakpoint_2_cols&quot;:&quot;2&quot;,&quot;breakpoint_2_quantity&quot;:&quot;&quot;,&quot;breakpoint_2_gap&quot;:&quot;&quot;,&quot;breakpoint_3_width&quot;:&quot;601px&quot;,&quot;breakpoint_3_cols&quot;:&quot;1&quot;,&quot;breakpoint_3_quantity&quot;:&quot;&quot;,&quot;breakpoint_3_gap&quot;:&quot;&quot;,&quot;conditions_operator&quot;:&quot;always&quot;,&quot;conditions&quot;:[],&quot;css&quot;:null,&quot;el_class&quot;:&quot;&quot;,&quot;el_id&quot;:&quot;&quot;,&quot;enable_custom_html_atts&quot;:0,&quot;custom_html_atts&quot;:null,&quot;hide_on_states&quot;:&quot;&quot;,&quot;hide_for_sticky&quot;:0,&quot;hide_for_not_sticky&quot;:0,&quot;hide_below&quot;:&quot;0px&quot;,&quot;hide_above&quot;:&quot;0px&quot;,&quot;classes&quot;:&quot;&quot;},&quot;found_posts&quot;:0,&quot;per_page&quot;:12},&quot;facetedFilter&quot;:[]}'><\/div><\/div><\/div><\/div><\/div><\/div><\/section><section class=\"l-section wpb_row height_medium\"><div class=\"l-section-h i-cf\"><div class=\"g-cols vc_row via_grid cols_1 laptops-cols_inherit tablets-cols_inherit mobiles-cols_1 valign_top type_default stacking_default\"><div class=\"wpb_column vc_column_container\"><div class=\"vc_column-inner\"><div class=\"wpb_text_column\"><div class=\"wpb_wrapper\"><h2><span style=\"color: #c41848;\">Special Services<\/span><\/h2>\n<p>Elmas Patent offers a range of special services tailored to your company&#8217;s needs. With our team of experts in their respective fields, we provide solutions that support your business processes and enhance your competitive edge. Our special services include Geographical Indications, Training, Consultancy, Prototype Services, and SWOT Analysis.<\/p>\n<p>Elmas Patent Office manages the trademark registration process step by step, supporting its clients in all stages from application to obtaining the registration certificate. Its professional team of agents offers solutions tailored to each client&#8217;s needs and ensures that the trademark registration process is completed smoothly.<\/p>\n<p>The trademark registration services offered by Elmas Patent increase the brand awareness and value of businesses while providing legal protection against possible infringements. Elmas Patent, which stands out in its sector with its affordable pricing policy, always prioritises customer satisfaction.<\/p>\n<p>To learn more about Elmas Patent&#8217;s trademark registration services and to initiate your application, you can contact our expert team. With quality service, competitive prices, and expert agent support, Elmas Patent is by your side to safeguard your trademark.<\/p>\n<\/div><\/div><\/div><\/div><\/div><\/div><\/section>\n","protected":false},"excerpt":{"rendered":"Yurtd\u0131\u015f\u0131 Tescil Elmas Patent, firman\u0131za ait yurt d\u0131\u015f\u0131 tescil i\u015flemlerinde profesyonel dan\u0131\u015fmanl\u0131k ve hizmet sunmaktad\u0131r. Global pazarda markan\u0131z\u0131 ve tasar\u0131mlar\u0131n\u0131z\u0131 koruma alt\u0131na almak i\u00e7in yurt d\u0131\u015f\u0131 tescil s\u00fcrecinde yan\u0131n\u0131zda olan Elmas Patent, uzman kadrosu ile her ad\u0131mda destek sa\u011flar. Uluslararas\u0131 tescil i\u015flemleri, yerel pazarlarda oldu\u011fu kadar yurt d\u0131\u015f\u0131nda da markan\u0131z\u0131 ve tasar\u0131mlar\u0131n\u0131z\u0131 koruma alt\u0131na alman\u0131n...","protected":false},"author":1,"featured_media":7199,"parent":0,"menu_order":0,"comment_status":"closed","ping_status":"closed","template":"","meta":{"_acf_changed":false,"footnotes":""},"class_list":["post-7227","page","type-page","status-publish","has-post-thumbnail","hentry"],"acf":[],"yoast_head":"<!-- This site is optimized with the Yoast SEO plugin v27.0 - https:\/\/yoast.com\/product\/yoast-seo-wordpress\/ -->\n<title>Special Services - Elmas Patent<\/title>\n<meta name=\"robots\" content=\"index, follow, max-snippet:-1, max-image-preview:large, max-video-preview:-1\" \/>\n<link rel=\"canonical\" href=\"https:\/\/elmaspatent.com\/en\/special-services\/\" \/>\n<meta property=\"og:locale\" content=\"en_US\" \/>\n<meta property=\"og:type\" content=\"article\" \/>\n<meta property=\"og:title\" content=\"Special Services - Elmas Patent\" \/>\n<meta property=\"og:url\" content=\"https:\/\/elmaspatent.com\/en\/special-services\/\" \/>\n<meta property=\"og:site_name\" content=\"Elmas Patent\" \/>\n<meta property=\"article:modified_time\" content=\"2025-09-15T15:14:28+00:00\" \/>\n<meta property=\"og:image\" content=\"https:\/\/elmaspatent.com\/wp-content\/uploads\/2025\/09\/danismanlik.jpg\" \/>\n\t<meta property=\"og:image:width\" content=\"1550\" \/>\n\t<meta property=\"og:image:height\" content=\"900\" \/>\n\t<meta property=\"og:image:type\" content=\"image\/jpeg\" \/>\n<meta name=\"twitter:card\" content=\"summary_large_image\" \/>\n<meta name=\"twitter:label1\" content=\"Est. reading time\" \/>\n\t<meta name=\"twitter:data1\" content=\"2 minutes\" \/>\n<script type=\"application\/ld+json\" class=\"yoast-schema-graph\">{\"@context\":\"https:\/\/schema.org\",\"@graph\":[{\"@type\":\"WebPage\",\"@id\":\"https:\/\/elmaspatent.com\/en\/special-services\/\",\"url\":\"https:\/\/elmaspatent.com\/en\/special-services\/\",\"name\":\"Special Services - Elmas Patent\",\"isPartOf\":{\"@id\":\"https:\/\/elmaspatent.com\/en\/#website\"},\"primaryImageOfPage\":{\"@id\":\"https:\/\/elmaspatent.com\/en\/special-services\/#primaryimage\"},\"image\":{\"@id\":\"https:\/\/elmaspatent.com\/en\/special-services\/#primaryimage\"},\"thumbnailUrl\":\"https:\/\/elmaspatent.com\/wp-content\/uploads\/2025\/09\/danismanlik.jpg\",\"datePublished\":\"2025-04-12T09:23:56+00:00\",\"dateModified\":\"2025-09-15T15:14:28+00:00\",\"breadcrumb\":{\"@id\":\"https:\/\/elmaspatent.com\/en\/special-services\/#breadcrumb\"},\"inLanguage\":\"en-US\",\"potentialAction\":[{\"@type\":\"ReadAction\",\"target\":[\"https:\/\/elmaspatent.com\/en\/special-services\/\"]}]},{\"@type\":\"ImageObject\",\"inLanguage\":\"en-US\",\"@id\":\"https:\/\/elmaspatent.com\/en\/special-services\/#primaryimage\",\"url\":\"https:\/\/elmaspatent.com\/wp-content\/uploads\/2025\/09\/danismanlik.jpg\",\"contentUrl\":\"https:\/\/elmaspatent.com\/wp-content\/uploads\/2025\/09\/danismanlik.jpg\",\"width\":1550,\"height\":900},{\"@type\":\"BreadcrumbList\",\"@id\":\"https:\/\/elmaspatent.com\/en\/special-services\/#breadcrumb\",\"itemListElement\":[{\"@type\":\"ListItem\",\"position\":1,\"name\":\"Anasayfa\",\"item\":\"https:\/\/elmaspatent.com\/en\/\"},{\"@type\":\"ListItem\",\"position\":2,\"name\":\"Special Services\"}]},{\"@type\":\"WebSite\",\"@id\":\"https:\/\/elmaspatent.com\/en\/#website\",\"url\":\"https:\/\/elmaspatent.com\/en\/\",\"name\":\"Elmas Patent\",\"description\":\"\",\"potentialAction\":[{\"@type\":\"SearchAction\",\"target\":{\"@type\":\"EntryPoint\",\"urlTemplate\":\"https:\/\/elmaspatent.com\/en\/?s={search_term_string}\"},\"query-input\":{\"@type\":\"PropertyValueSpecification\",\"valueRequired\":true,\"valueName\":\"search_term_string\"}}],\"inLanguage\":\"en-US\"}]}<\/script>\n<!-- \/ Yoast SEO plugin. -->","yoast_head_json":{"title":"Special Services - Elmas Patent","robots":{"index":"index","follow":"follow","max-snippet":"max-snippet:-1","max-image-preview":"max-image-preview:large","max-video-preview":"max-video-preview:-1"},"canonical":"https:\/\/elmaspatent.com\/en\/special-services\/","og_locale":"en_US","og_type":"article","og_title":"Special Services - Elmas Patent","og_url":"https:\/\/elmaspatent.com\/en\/special-services\/","og_site_name":"Elmas Patent","article_modified_time":"2025-09-15T15:14:28+00:00","og_image":[{"width":1550,"height":900,"url":"https:\/\/elmaspatent.com\/wp-content\/uploads\/2025\/09\/danismanlik.jpg","type":"image\/jpeg"}],"twitter_card":"summary_large_image","twitter_misc":{"Est. reading time":"2 minutes"},"schema":{"@context":"https:\/\/schema.org","@graph":[{"@type":"WebPage","@id":"https:\/\/elmaspatent.com\/en\/special-services\/","url":"https:\/\/elmaspatent.com\/en\/special-services\/","name":"Special Services - Elmas Patent","isPartOf":{"@id":"https:\/\/elmaspatent.com\/en\/#website"},"primaryImageOfPage":{"@id":"https:\/\/elmaspatent.com\/en\/special-services\/#primaryimage"},"image":{"@id":"https:\/\/elmaspatent.com\/en\/special-services\/#primaryimage"},"thumbnailUrl":"https:\/\/elmaspatent.com\/wp-content\/uploads\/2025\/09\/danismanlik.jpg","datePublished":"2025-04-12T09:23:56+00:00","dateModified":"2025-09-15T15:14:28+00:00","breadcrumb":{"@id":"https:\/\/elmaspatent.com\/en\/special-services\/#breadcrumb"},"inLanguage":"en-US","potentialAction":[{"@type":"ReadAction","target":["https:\/\/elmaspatent.com\/en\/special-services\/"]}]},{"@type":"ImageObject","inLanguage":"en-US","@id":"https:\/\/elmaspatent.com\/en\/special-services\/#primaryimage","url":"https:\/\/elmaspatent.com\/wp-content\/uploads\/2025\/09\/danismanlik.jpg","contentUrl":"https:\/\/elmaspatent.com\/wp-content\/uploads\/2025\/09\/danismanlik.jpg","width":1550,"height":900},{"@type":"BreadcrumbList","@id":"https:\/\/elmaspatent.com\/en\/special-services\/#breadcrumb","itemListElement":[{"@type":"ListItem","position":1,"name":"Anasayfa","item":"https:\/\/elmaspatent.com\/en\/"},{"@type":"ListItem","position":2,"name":"Special Services"}]},{"@type":"WebSite","@id":"https:\/\/elmaspatent.com\/en\/#website","url":"https:\/\/elmaspatent.com\/en\/","name":"Elmas Patent","description":"","potentialAction":[{"@type":"SearchAction","target":{"@type":"EntryPoint","urlTemplate":"https:\/\/elmaspatent.com\/en\/?s={search_term_string}"},"query-input":{"@type":"PropertyValueSpecification","valueRequired":true,"valueName":"search_term_string"}}],"inLanguage":"en-US"}]}},"_links":{"self":[{"href":"https:\/\/elmaspatent.com\/en\/wp-json\/wp\/v2\/pages\/7227","targetHints":{"allow":["GET"]}}],"collection":[{"href":"https:\/\/elmaspatent.com\/en\/wp-json\/wp\/v2\/pages"}],"about":[{"href":"https:\/\/elmaspatent.com\/en\/wp-json\/wp\/v2\/types\/page"}],"author":[{"embeddable":true,"href":"https:\/\/elmaspatent.com\/en\/wp-json\/wp\/v2\/users\/1"}],"replies":[{"embeddable":true,"href":"https:\/\/elmaspatent.com\/en\/wp-json\/wp\/v2\/comments?post=7227"}],"version-history":[{"count":5,"href":"https:\/\/elmaspatent.com\/en\/wp-json\/wp\/v2\/pages\/7227\/revisions"}],"predecessor-version":[{"id":8033,"href":"https:\/\/elmaspatent.com\/en\/wp-json\/wp\/v2\/pages\/7227\/revisions\/8033"}],"wp:featuredmedia":[{"embeddable":true,"href":"https:\/\/elmaspatent.com\/en\/wp-json\/wp\/v2\/media\/7199"}],"wp:attachment":[{"href":"https:\/\/elmaspatent.com\/en\/wp-json\/wp\/v2\/media?parent=7227"}],"curies":[{"name":"wp","href":"https:\/\/api.w.org\/{rel}","templated":true}]}}